{"id":970,"date":"2025-09-15T10:39:08","date_gmt":"2025-09-15T10:39:08","guid":{"rendered":"https:\/\/impactogroup.nl\/?page_id=970"},"modified":"2026-04-01T09:46:26","modified_gmt":"2026-04-01T09:46:26","slug":"ons-team","status":"publish","type":"page","link":"https:\/\/thegrowinggroup.nl\/ons-team\/","title":{"rendered":"Ons Team"},"content":{"rendered":"<p>[et_pb_section fb_built=&#8221;1&#8243; custom_padding_last_edited=&#8221;on|desktop&#8221; admin_label=&#8221;Services Section&#8221; _builder_version=&#8221;4.23.1&#8243; background_enable_color=&#8221;off&#8221; custom_padding=&#8221;50px|0px|90px|0px|false|false&#8221; custom_padding_tablet=&#8221;||50px||false|false&#8221; custom_padding_phone=&#8221;0px||75px||false|false&#8221; top_divider_color=&#8221;#FFFFFF&#8221; top_divider_height=&#8221;47px&#8221; bottom_divider_style=&#8221;slant&#8221; bottom_divider_color=&#8221;#362156&#8243; bottom_divider_repeat=&#8221;1x&#8221; bottom_divider_flip=&#8221;vertical&#8221; global_colors_info=&#8221;{}&#8221;][et_pb_row _builder_version=&#8221;4.16&#8243; custom_padding=&#8221;|||&#8221; global_colors_info=&#8221;{}&#8221;][et_pb_column type=&#8221;4_4&#8243; _builder_version=&#8221;4.16&#8243; custom_padding=&#8221;|||&#8221; global_colors_info=&#8221;{}&#8221; custom_padding__hover=&#8221;|||&#8221;][et_pb_image src=&#8221;https:\/\/impactogroup.nl\/wp-content\/uploads\/2024\/07\/Impacto-the-growing-group-6.png&#8221; title_text=&#8221;Impacto the growing group (6)&#8221; align=&#8221;center&#8221; _builder_version=&#8221;4.23.1&#8243; _module_preset=&#8221;default&#8221; width=&#8221;45%&#8221; width_tablet=&#8221;45%&#8221; width_phone=&#8221;100%&#8221; width_last_edited=&#8221;on|desktop&#8221; global_colors_info=&#8221;{}&#8221;][\/et_pb_image][et_pb_text _builder_version=&#8221;4.23.1&#8243; _module_preset=&#8221;default&#8221; global_colors_info=&#8221;{}&#8221;]<\/p>\n<p>Bij Impacto werken we met een klein en hecht team aan de ontwikkeling van onze dochterondernemingen. Elk van ons heeft zijn of haar eigen werkwijze en specialisme, waardoor we elkaar goed aanvullen. Zo bieden we onze bedrijven een schat aan kennis en ervaring, en kunnen we hen op elk vlak verder helpen. Naast dat we dagelijks aan de slag gaan met onze missie en visie, hebben we met elkaar ook gewoon enorm veel plezier. Dat maakt het werken in een team alleen maar leuker!<\/p>\n<p>Leer hieronder al onze collega&#8217;s kennen:<\/p>\n<p>[\/et_pb_text][\/et_pb_column][\/et_pb_row][\/et_pb_section][et_pb_section fb_built=&#8221;1&#8243; _builder_version=&#8221;4.23.1&#8243; _module_preset=&#8221;default&#8221; background_color=&#8221;#362156&#8243; global_colors_info=&#8221;{}&#8221;][et_pb_row column_structure=&#8221;1_3,1_3,1_3&#8243; _builder_version=&#8221;4.23.1&#8243; _module_preset=&#8221;default&#8221; global_colors_info=&#8221;{}&#8221;][et_pb_column type=&#8221;1_3&#8243; _builder_version=&#8221;4.23.1&#8243; _module_preset=&#8221;default&#8221; global_colors_info=&#8221;{}&#8221;][et_pb_team_member name=&#8221;Brigitte &#8211; IT &#038; Communicatie &#8221; position=&#8221;Impactmaker sinds 2007 &#8221; image_url=&#8221;https:\/\/impactogroup.nl\/wp-content\/uploads\/2025\/07\/Brigitte.png&#8221; _builder_version=&#8221;4.23.1&#8243; _module_preset=&#8221;default&#8221; header_font=&#8221;Montserrat|800|||||||&#8221; header_text_color=&#8221;#FFFFFF&#8221; header_font_size=&#8221;17px&#8221; body_text_align=&#8221;justify&#8221; body_text_color=&#8221;#FFFFFF&#8221; position_font=&#8221;|800|on||||||&#8221; position_text_color=&#8221;#009D3D&#8221; global_colors_info=&#8221;{}&#8221;]<\/p>\n<p style=\"text-align: left;\"><span>Al 13,5 jaar werk ik met plezier bij Impacto (18 jaar binnen de groep). Mijn focus ligt op cybersecurity, social media, SEO en marketing. Ik krijg er energie van om merken digitaal te beschermen en te laten groeien. Respect, samenwerking en enthousiasme staan voorop. En natuurlijk: een kop Zwartekoffie maakt mijn dag compleet.<\/span><span><\/span><\/p>\n<p style=\"text-align: left;\"><span><strong><em>Favoriete koffie: Zo sterk mogelijk&#8230;<\/em><\/strong><\/span><\/p>\n<p>[\/et_pb_team_member][\/et_pb_column][et_pb_column type=&#8221;1_3&#8243; _builder_version=&#8221;4.23.1&#8243; _module_preset=&#8221;default&#8221; global_colors_info=&#8221;{}&#8221;][et_pb_team_member name=&#8221;Huibert &#8211; Eigenaar&#8221; position=&#8221;Impactmaker sinds 1993 &#8221; image_url=&#8221;https:\/\/impactogroup.nl\/wp-content\/uploads\/2025\/07\/Huibert-1.png&#8221; _builder_version=&#8221;4.23.1&#8243; _module_preset=&#8221;default&#8221; header_font=&#8221;Montserrat|800|||||||&#8221; header_text_color=&#8221;#FFFFFF&#8221; header_font_size=&#8221;17px&#8221; body_text_align=&#8221;justify&#8221; body_text_color=&#8221;#FFFFFF&#8221; position_font=&#8221;|800|on||||||&#8221; position_text_color=&#8221;#009D3D&#8221; global_colors_info=&#8221;{}&#8221;]<\/p>\n<p style=\"text-align: left;\"><span>Sinds maart 1993 in dienst en sinds 1996 ben ik ook eigenaar. In die ruim 32 jaar heb ik altijd technisch-commerci\u00eble en leidinggevende functies gehad. Wat mijn werk erg leuk maakt naast het samenwerken met mijn collega\u2019s: het beoordelen van investeringsvraagstukken, en cursussen geven aan nieuwe medewerkers!\u00a0<\/span><\/p>\n<p style=\"text-align: left;\"><span><\/span><\/p>\n<p style=\"text-align: left;\"><span><\/span><\/p>\n<p style=\"text-align: left;\"><span><strong><em>Favoriete koffie: Thee!\u00a0<\/em><\/strong><\/span><\/p>\n<p>[\/et_pb_team_member][\/et_pb_column][et_pb_column type=&#8221;1_3&#8243; _builder_version=&#8221;4.23.1&#8243; _module_preset=&#8221;default&#8221; global_colors_info=&#8221;{}&#8221;][et_pb_team_member name=&#8221;Kirby &#8211; CFO&#8221; position=&#8221;Impactmaker sinds 2022&#8243; image_url=&#8221;https:\/\/thegrowinggroup.nl\/wp-content\/uploads\/2025\/09\/Kirby-1.png&#8221; disabled_on=&#8221;off|off|off&#8221; _builder_version=&#8221;4.23.1&#8243; _module_preset=&#8221;default&#8221; header_font=&#8221;Montserrat|800|||||||&#8221; header_text_color=&#8221;#FFFFFF&#8221; header_font_size=&#8221;17px&#8221; body_text_align=&#8221;left&#8221; body_text_color=&#8221;#FFFFFF&#8221; position_font=&#8221;|800|on||||||&#8221; position_text_color=&#8221;#009D3D&#8221; global_colors_info=&#8221;{}&#8221;]<\/p>\n<div dir=\"ltr\"><span>Bij Impacto mag ik samen met een mooie groep collega\u2019s werken aan de ontwikkeling van onze bedrijven. Met mijn passie voor cijfers houd ik mij voornamelijk bezig met de financi\u00eble en compliance zaken van de groep. <\/span><span>Het leukste aan het werken bij Impacto vind ik de diversiteit aan bedrijven en de mooie combinatie tussen commerci\u00eble bedrijven en bedrijven met een maatschappelijk doel.\u00a0<\/span><\/div>\n<div dir=\"ltr\"><span>\u00a0<\/span><\/div>\n<div><strong><em>Favoriete koffie: Zwartekoffie natuurlijk \ud83d\ude42<\/em><\/strong><\/div>\n<p style=\"text-align: justify;\">[\/et_pb_team_member][\/et_pb_column][\/et_pb_row][et_pb_row column_structure=&#8221;1_3,1_3,1_3&#8243; _builder_version=&#8221;4.23.1&#8243; _module_preset=&#8221;default&#8221; global_colors_info=&#8221;{}&#8221;][et_pb_column type=&#8221;1_3&#8243; _builder_version=&#8221;4.23.1&#8243; _module_preset=&#8221;default&#8221; global_colors_info=&#8221;{}&#8221;][et_pb_team_member name=&#8221;Linda &#8211; Impact &#038; Project Manager&#8221; position=&#8221;Impactmaker sinds 2020 &#8221; image_url=&#8221;https:\/\/impactogroup.nl\/wp-content\/uploads\/2025\/07\/Linda.png&#8221; _builder_version=&#8221;4.23.1&#8243; _module_preset=&#8221;default&#8221; header_font=&#8221;Montserrat|800|||||||&#8221; header_text_color=&#8221;#FFFFFF&#8221; header_font_size=&#8221;17px&#8221; body_text_align=&#8221;justify&#8221; body_text_color=&#8221;#FFFFFF&#8221; position_font=&#8221;|800|on||||||&#8221; position_text_color=&#8221;#009D3D&#8221; position_font_size=&#8221;13px&#8221; global_colors_info=&#8221;{}&#8221;]<\/p>\n<p style=\"text-align: left;\">Hoi! Ik ben Linda, Impact &amp; Project Manager van Impacto. Ik hou mij bezig met alle niet-financi\u00eble impact van onze bedrijven op mens en omgeving, op een praktische en no- nonsense manier. Het allerleukste aan bij Impacto werken is de afwisseling: het ene moment ben ik bezig met direct-trade koffie, en het volgende met warmtepompen. Zo verveel ik mij dus nooit!<\/p>\n<p style=\"text-align: left;\"><strong><em>Favoriete koffie: Cappuccino (maar niet met havermelk hoor) \ud83d\ude00<\/em><\/strong><\/p>\n<h6 style=\"text-align: left;\"><\/h6>\n<p>[\/et_pb_team_member][\/et_pb_column][et_pb_column type=&#8221;1_3&#8243; _builder_version=&#8221;4.23.1&#8243; _module_preset=&#8221;default&#8221; global_colors_info=&#8221;{}&#8221;][et_pb_team_member name=&#8221;Petra &#8211; Assistent Controller&#8221; position=&#8221;Impactmaker sinds 2025&#8243; image_url=&#8221;https:\/\/thegrowinggroup.nl\/wp-content\/uploads\/2025\/12\/Petra-1.png&#8221; disabled_on=&#8221;off|off|off&#8221; _builder_version=&#8221;4.23.1&#8243; _module_preset=&#8221;default&#8221; header_font=&#8221;Montserrat|800|||||||&#8221; header_text_color=&#8221;#FFFFFF&#8221; header_font_size=&#8221;17px&#8221; body_text_align=&#8221;left&#8221; body_text_color=&#8221;#FFFFFF&#8221; position_font=&#8221;|800|on||||||&#8221; position_text_color=&#8221;#009D3D&#8221; global_colors_info=&#8221;{}&#8221;]<\/p>\n<div dir=\"ltr\">\n<p><span>In oktober 2025 ben ik gestart als assistent controller. In deze rol ondersteun ik de CFO bij uiteenlopende financi\u00eble en administratieve taken. <\/span><span style=\"font-size: 14px;\">Vanaf de eerste dag heb ik mij enorm welkom gevoeld binnen het team van Impacto.\u00a0\u00a0\u00a0 De collega\u2019s zijn betrokken, behulpzaam en zorgen voor een fijne werksfeer. Het is een plezier om deel uit te mogen maken van deze groep mensen.<\/span><\/p>\n<p><strong style=\"font-size: 14px;\"><em>Favoriete koffie: voor mij graag een Cappuccino met een dikke melk laag melk!<\/em><\/strong><\/p>\n<\/div>\n<p style=\"text-align: justify;\">[\/et_pb_team_member][\/et_pb_column][et_pb_column type=&#8221;1_3&#8243; _builder_version=&#8221;4.23.1&#8243; _module_preset=&#8221;default&#8221; global_colors_info=&#8221;{}&#8221;][et_pb_team_member name=&#8221;Rein &#8211; Technisch Directeur&#8221; position=&#8221;Impactmaker sinds 1996&#8243; image_url=&#8221;https:\/\/thegrowinggroup.nl\/wp-content\/uploads\/2025\/09\/Rein-2-1.png&#8221; _builder_version=&#8221;4.23.1&#8243; _module_preset=&#8221;default&#8221; header_font=&#8221;Montserrat|800|||||||&#8221; header_text_color=&#8221;#FFFFFF&#8221; header_font_size=&#8221;17px&#8221; body_text_align=&#8221;justify&#8221; body_text_color=&#8221;#FFFFFF&#8221; position_font=&#8221;|800|on||||||&#8221; position_text_color=&#8221;#009D3D&#8221; global_colors_info=&#8221;{}&#8221;]<\/p>\n<p style=\"text-align: left;\">Met een passie voor techniek, mensen en natuur ben ik gefocust om een verschil te maken via onze groep van bedrijven. Dit doe ik, samen met mijn collega\u2019s, al jarenlang met veel plezier.<\/p>\n<p style=\"text-align: left;\">\n<p style=\"text-align: left;\"><strong><em>Favoriete koffie: Sterk!<\/em><\/strong><\/p>\n<p>[\/et_pb_team_member][\/et_pb_column][\/et_pb_row][et_pb_row column_structure=&#8221;1_3,1_3,1_3&#8243; _builder_version=&#8221;4.23.1&#8243; _module_preset=&#8221;default&#8221; global_colors_info=&#8221;{}&#8221;][et_pb_column type=&#8221;1_3&#8243; _builder_version=&#8221;4.23.1&#8243; _module_preset=&#8221;default&#8221; global_colors_info=&#8221;{}&#8221;][et_pb_team_member name=&#8221;Teus &#8211; CEO&#8221; position=&#8221;Impactmaker Sinds 2013 &#8221; image_url=&#8221;https:\/\/impactogroup.nl\/wp-content\/uploads\/2025\/07\/Teus.png&#8221; _builder_version=&#8221;4.23.1&#8243; _module_preset=&#8221;default&#8221; header_font=&#8221;Montserrat|800|||||||&#8221; header_text_color=&#8221;#FFFFFF&#8221; header_font_size=&#8221;17px&#8221; body_text_align=&#8221;justify&#8221; body_text_color=&#8221;#FFFFFF&#8221; position_font=&#8221;|800|on||||||&#8221; position_text_color=&#8221;#009D3D&#8221; position_font_size=&#8221;13px&#8221; global_colors_info=&#8221;{}&#8221;]<\/p>\n<p style=\"text-align: left;\"><span>Bij Impacto mag ik samen met een team van mensen mijn kennis en kunde inzetten om bedrijven en medewerkers te helpen ontwikkelen, het mooiste dat er is. Sinds 2013 ben ik werkzaam in de groep, eerst bij Reikon en nu sinds een aantal jaar bij Impacto. Mensen die mij kennen weten dat ik verzot ben op koffie, Zwartekoffie.<\/span><\/p>\n<p style=\"text-align: left;\"><span><strong><em>Favoriete koffie: Zwartekoffie uiteraard!<\/em><\/strong><\/span><\/p>\n<p>[\/et_pb_team_member][\/et_pb_column][et_pb_column type=&#8221;1_3&#8243; _builder_version=&#8221;4.23.1&#8243; _module_preset=&#8221;default&#8221; global_colors_info=&#8221;{}&#8221;][\/et_pb_column][et_pb_column type=&#8221;1_3&#8243; _builder_version=&#8221;4.23.1&#8243; _module_preset=&#8221;default&#8221; global_colors_info=&#8221;{}&#8221;][et_pb_team_member name=&#8221;Aniek &#8211; Juridisch Medewerker&#8221; position=&#8221;Impactmaker sinds 2021&#8243; image_url=&#8221;https:\/\/impactogroup.nl\/wp-content\/uploads\/2025\/07\/Aniek.png&#8221; _builder_version=&#8221;4.23.1&#8243; _module_preset=&#8221;default&#8221; header_font=&#8221;Montserrat|800|||||||&#8221; header_text_color=&#8221;#FFFFFF&#8221; header_font_size=&#8221;17px&#8221; body_text_align=&#8221;justify&#8221; body_text_color=&#8221;#FFFFFF&#8221; position_font=&#8221;|800|on||||||&#8221; position_text_color=&#8221;#009D3D&#8221; hover_enabled=&#8221;0&#8243; global_colors_info=&#8221;{}&#8221; disabled_on=&#8221;on|on|on&#8221; disabled=&#8221;on&#8221; sticky_enabled=&#8221;0&#8243;]<\/p>\n<p style=\"text-align: left;\"><span>Hi! Ik ben Aniek en ik werk naast mijn master Toga aan de Maas bij Impacto. Ik houd mij vooral bezig met financi\u00eble administratie en juridische werkzaamheden. V\u00f3\u00f3r Impacto heb ik bijna 3 jaar bij Reikon gewerkt. Ik ben daardoor al langere tijd bekend met de groep. Het Impacto-team is een hecht en gezellig team, waardoor ik mij vanaf het begin welkom heb gevoeld.<\/span><span class=\"apple-converted-space\">\u00a0<\/span><\/p>\n<p style=\"text-align: justify;\"><strong><em>Favoriete koffie: ijskoffie!<\/em><\/strong><\/p>\n<p>[\/et_pb_team_member][\/et_pb_column][\/et_pb_row][et_pb_row _builder_version=&#8221;4.23.1&#8243; _module_preset=&#8221;default&#8221; custom_padding=&#8221;54px|||||&#8221; global_colors_info=&#8221;{}&#8221;][et_pb_column type=&#8221;4_4&#8243; _builder_version=&#8221;4.23.1&#8243; _module_preset=&#8221;default&#8221; global_colors_info=&#8221;{}&#8221;][et_pb_text _builder_version=&#8221;4.23.1&#8243; _module_preset=&#8221;default&#8221; text_text_color=&#8221;#FFFFFF&#8221; text_orientation=&#8221;center&#8221; global_colors_info=&#8221;{}&#8221;]<\/p>\n<p>Zie jij het wel zitten om ook bij Impacto te werken binnen ons leuke team? Bekijk dan de vacatures, of neem contact met ons op:<\/p>\n<p>[\/et_pb_text][et_pb_button button_url=&#8221;\/index.php\/nl\/impacto-group-vacatures\/&#8221; button_text=&#8221;Vacatures&#8221; button_alignment=&#8221;center&#8221; _builder_version=&#8221;4.23.1&#8243; _module_preset=&#8221;default&#8221; custom_button=&#8221;on&#8221; button_text_color=&#8221;#FFFFFF&#8221; button_bg_color=&#8221;#009D3D&#8221; button_border_width=&#8221;0px&#8221; button_border_radius=&#8221;8px&#8221; button_font=&#8221;|600|||||||&#8221; button_use_icon=&#8221;off&#8221; global_colors_info=&#8221;{}&#8221; button_bg_color__hover_enabled=&#8221;on|hover&#8221; button_bg_color__hover=&#8221;#FFFFFF&#8221; button_bg_enable_color__hover=&#8221;on&#8221; button_text_color__hover_enabled=&#8221;on|hover&#8221; button_text_color__hover=&#8221;#362156&#8243;][\/et_pb_button][\/et_pb_column][\/et_pb_row][\/et_pb_section]<\/p>\n","protected":false},"excerpt":{"rendered":"<p>Bij Impacto werken we met een klein en hecht team aan de ontwikkeling van onze dochterondernemingen. Elk van ons heeft zijn of haar eigen werkwijze en specialisme, waardoor we elkaar goed aanvullen. Zo bieden we onze bedrijven een schat aan kennis en ervaring, en kunnen we hen op elk vlak verder helpen. Naast dat we [&hellip;]<\/p>\n","protected":false},"author":3,"featured_media":0,"parent":0,"menu_order":0,"comment_status":"closed","ping_status":"closed","template":"","meta":{"_seopress_robots_primary_cat":"","_seopress_titles_title":"","_seopress_titles_desc":"","_seopress_robots_index":"","_et_pb_use_builder":"on","_et_pb_old_content":"","_et_gb_content_width":"","footnotes":""},"class_list":["post-970","page","type-page","status-publish","hentry"],"_links":{"self":[{"href":"https:\/\/thegrowinggroup.nl\/wp-json\/wp\/v2\/pages\/970","targetHints":{"allow":["GET"]}}],"collection":[{"href":"https:\/\/thegrowinggroup.nl\/wp-json\/wp\/v2\/pages"}],"about":[{"href":"https:\/\/thegrowinggroup.nl\/wp-json\/wp\/v2\/types\/page"}],"author":[{"embeddable":true,"href":"https:\/\/thegrowinggroup.nl\/wp-json\/wp\/v2\/users\/3"}],"replies":[{"embeddable":true,"href":"https:\/\/thegrowinggroup.nl\/wp-json\/wp\/v2\/comments?post=970"}],"version-history":[{"count":59,"href":"https:\/\/thegrowinggroup.nl\/wp-json\/wp\/v2\/pages\/970\/revisions"}],"predecessor-version":[{"id":1634,"href":"https:\/\/thegrowinggroup.nl\/wp-json\/wp\/v2\/pages\/970\/revisions\/1634"}],"wp:attachment":[{"href":"https:\/\/thegrowinggroup.nl\/wp-json\/wp\/v2\/media?parent=970"}],"curies":[{"name":"wp","href":"https:\/\/api.w.org\/{rel}","templated":true}]}}